{"id":262,"date":"2026-03-06T09:38:40","date_gmt":"2026-03-06T09:38:40","guid":{"rendered":"https:\/\/appreteezen.com\/?page_id=262"},"modified":"2026-03-15T12:32:34","modified_gmt":"2026-03-15T11:32:34","slug":"elementor-page-262","status":"publish","type":"page","link":"https:\/\/appreteezen.com\/index.php\/elementor-page-262\/","title":{"rendered":"Soins &amp; Prestations"},"content":{"rendered":"\t\t<div data-elementor-type=\"wp-page\" data-elementor-id=\"262\" class=\"elementor elementor-262\" data-elementor-post-type=\"page\">\n\t\t\t\t<div class=\"aux-parallax-section elementor-element elementor-element-5b99916 e-flex e-con-boxed e-con e-parent\" data-id=\"5b99916\" data-element_type=\"container\" data-e-type=\"container\">\n\t\t\t\t\t<div class=\"e-con-inner\">\n\t\t\t\t<div class=\"elementor-element elementor-element-fadf06c elementor-widget elementor-widget-text-editor\" data-id=\"fadf06c\" data-element_type=\"widget\" data-e-type=\"widget\" data-widget_type=\"text-editor.default\">\n\t\t\t\t\t\t\t\t\t<p class=\"has-text-align-center\" style=\"text-align: center;\"><span style=\"color: #3b3b3b;\"><em>Chez\u00a0<strong>Appr\u00eat\u00e9e Zen<\/strong>, chaque soin est con\u00e7u comme un\u00a0<strong>rituel confidentiel<\/strong>, pens\u00e9 dans le respect absolu de vos besoins, de votre peau et de votre rythme.<\/em><\/span><\/p><p class=\"has-text-align-center\" style=\"text-align: center;\"><span style=\"color: #3b3b3b;\"><em>Les tarifs refl\u00e8tent bien plus qu\u00b4une dur\u00e9e :<\/em><\/span><\/p><p class=\"has-text-align-center\" style=\"text-align: center;\"><span style=\"color: #3b3b3b;\"><em>ils incarnent\u00a0<strong>l\u00b4expertise, l\u00b4\u00e9coute, la pr\u00e9cision du geste et la qualit\u00e9 des produits\u00a0<\/strong>utilis\u00e9s. Chaque soin est personnalis\u00e9, chaque protocole ajust\u00e9, chaque produit soigneusement s\u00e9lectionn\u00e9 pour r\u00e9pondre aux besoins de votre peau et de votre corps.<\/em><\/span><\/p><p class=\"has-text-align-center\" style=\"text-align: center;\"><span style=\"color: #3b3b3b;\"><em>Ici, rien n\u2019est standardis\u00e9.<\/em><\/span><\/p><p class=\"has-text-align-center\" style=\"text-align: center;\"><span style=\"color: #3b3b3b;\"><em>Vous entrez dans un espace o\u00f9 le temps ralentit, o\u00f9 l\u2019attention est totale, et o\u00f9\u00a0 chaque d\u00e9tail compte.<\/em><\/span><\/p><p class=\"has-text-align-center\" style=\"text-align: center;\"><span style=\"color: #3b3b3b;\"><em>Choisir Appr\u00eat\u00e9e Zen, c\u2019est offrir une\u00a0<strong>exp\u00e9rience sur-mesure<\/strong>, intime, o\u00f9 le soin devient un moment rare, pr\u00e9cieux et profond\u00e9ment ressour\u00e7ant.<\/em><\/span><\/p>\t\t\t\t\t\t\t\t<\/div>\n\t\t\t\t\t<\/div>\n\t\t\t\t<\/div>\n\t\t<a class=\"aux-parallax-section elementor-element elementor-element-a6c51eb e-flex e-con-boxed e-con e-parent\" data-id=\"a6c51eb\" data-element_type=\"container\" data-e-type=\"container\" href=\"https:\/\/appreteezen.com\/index.php\/tarifs-soins-du-visage\/\">\n\t\t\t\t\t<div class=\"e-con-inner\">\n\t\t<div class=\"elementor-element elementor-element-dbe920c e-con-full e-flex e-con e-child\" data-id=\"dbe920c\" data-element_type=\"container\" data-e-type=\"container\">\n\t\t\t\t<div class=\"elementor-element elementor-element-913e85a elementor-widget elementor-widget-image\" data-id=\"913e85a\" data-element_type=\"widget\" data-e-type=\"widget\" data-widget_type=\"image.default\">\n\t\t\t\t\t\t\t\t\t\t\t\t\t\t\t<img fetchpriority=\"high\" decoding=\"async\" width=\"300\" height=\"300\" src=\"https:\/\/appreteezen.com\/wp-content\/uploads\/2026\/03\/soinsvisage-300x300.jpg\" class=\"attachment-medium size-medium wp-image-268\" alt=\"\" srcset=\"https:\/\/appreteezen.com\/wp-content\/uploads\/2026\/03\/soinsvisage-300x300.jpg 300w, https:\/\/appreteezen.com\/wp-content\/uploads\/2026\/03\/soinsvisage-1024x1024.jpg 1024w, https:\/\/appreteezen.com\/wp-content\/uploads\/2026\/03\/soinsvisage-150x150.jpg 150w, https:\/\/appreteezen.com\/wp-content\/uploads\/2026\/03\/soinsvisage-768x768.jpg 768w\" sizes=\"(max-width: 300px) 100vw, 300px\" \/>\t\t\t\t\t\t\t\t\t\t\t\t\t\t\t<\/div>\n\t\t\t\t<\/div>\n\t\t<div class=\"elementor-element elementor-element-2aa1159 e-con-full e-flex e-con e-child\" data-id=\"2aa1159\" data-element_type=\"container\" data-e-type=\"container\">\n\t\t<div class=\"elementor-element elementor-element-917b226 e-con-full e-flex e-con e-child\" data-id=\"917b226\" data-element_type=\"container\" data-e-type=\"container\">\n\t\t\t\t<div class=\"elementor-element elementor-element-72b4f86 elementor-widget elementor-widget-text-editor\" data-id=\"72b4f86\" data-element_type=\"widget\" data-e-type=\"widget\" data-widget_type=\"text-editor.default\">\n\t\t\t\t\t\t\t\t\t<p style=\"text-align: center;\">\u00a0<\/p>\n<p><em><strong>Un soin visage sur-mesure, parce que votre peau n\u2019a pas les m\u00eames besoins tous les jours.<\/strong><\/em><\/p>\t\t\t\t\t\t\t\t<\/div>\n\t\t\t\t<\/div>\n\t\t<div class=\"elementor-element elementor-element-91d509d e-con-full e-flex e-con e-child\" data-id=\"91d509d\" data-element_type=\"container\" data-e-type=\"container\">\n\t\t\t\t<div class=\"elementor-element elementor-element-40b72b8 elementor-widget elementor-widget-heading\" data-id=\"40b72b8\" data-element_type=\"widget\" data-e-type=\"widget\" data-widget_type=\"heading.default\">\n\t\t\t\t\t<h2 class=\"elementor-heading-title elementor-size-default\">Tarifs soins du visage\u200b<\/h2>\t\t\t\t<\/div>\n\t\t\t\t<\/div>\n\t\t\t\t<\/div>\n\t\t\t\t\t<\/div>\n\t\t\t\t<\/a>\n\t\t<a class=\"aux-parallax-section elementor-element elementor-element-a3756ce e-flex e-con-boxed e-con e-parent\" data-id=\"a3756ce\" data-element_type=\"container\" data-e-type=\"container\" href=\"https:\/\/appreteezen.com\/index.php\/tarifs-massages\/\">\n\t\t\t\t\t<div class=\"e-con-inner\">\n\t\t<div class=\"elementor-element elementor-element-036c5d6 e-con-full e-flex e-con e-child\" data-id=\"036c5d6\" data-element_type=\"container\" data-e-type=\"container\">\n\t\t\t\t<div class=\"elementor-element elementor-element-150029a elementor-widget elementor-widget-image\" data-id=\"150029a\" data-element_type=\"widget\" data-e-type=\"widget\" data-widget_type=\"image.default\">\n\t\t\t\t\t\t\t\t\t\t\t\t\t\t\t<img decoding=\"async\" width=\"300\" height=\"300\" src=\"https:\/\/appreteezen.com\/wp-content\/uploads\/2026\/03\/soinscorp1-300x300.jpg\" class=\"attachment-medium size-medium wp-image-267\" alt=\"\" srcset=\"https:\/\/appreteezen.com\/wp-content\/uploads\/2026\/03\/soinscorp1-300x300.jpg 300w, https:\/\/appreteezen.com\/wp-content\/uploads\/2026\/03\/soinscorp1-1024x1024.jpg 1024w, https:\/\/appreteezen.com\/wp-content\/uploads\/2026\/03\/soinscorp1-150x150.jpg 150w, https:\/\/appreteezen.com\/wp-content\/uploads\/2026\/03\/soinscorp1-768x768.jpg 768w\" sizes=\"(max-width: 300px) 100vw, 300px\" \/>\t\t\t\t\t\t\t\t\t\t\t\t\t\t\t<\/div>\n\t\t\t\t<\/div>\n\t\t<div class=\"elementor-element elementor-element-8cee13a e-con-full e-flex e-con e-child\" data-id=\"8cee13a\" data-element_type=\"container\" data-e-type=\"container\">\n\t\t<div class=\"elementor-element elementor-element-0aa9990 e-con-full e-flex e-con e-child\" data-id=\"0aa9990\" data-element_type=\"container\" data-e-type=\"container\">\n\t\t\t\t<div class=\"elementor-element elementor-element-9da4861 elementor-widget elementor-widget-text-editor\" data-id=\"9da4861\" data-element_type=\"widget\" data-e-type=\"widget\" data-widget_type=\"text-editor.default\">\n\t\t\t\t\t\t\t\t\t<p style=\"text-align: center;\">\u00a0<\/p>\n<p><strong><em>Parce que tout le monde m\u00e9rite un moment o\u00f9 rien n&rsquo;est \u00e0 g\u00e9rer\u00a0<\/em><\/strong><\/p>\t\t\t\t\t\t\t\t<\/div>\n\t\t\t\t<\/div>\n\t\t<div class=\"elementor-element elementor-element-801f8c0 e-con-full e-flex e-con e-child\" data-id=\"801f8c0\" data-element_type=\"container\" data-e-type=\"container\">\n\t\t\t\t<div class=\"elementor-element elementor-element-889b14f elementor-widget elementor-widget-heading\" data-id=\"889b14f\" data-element_type=\"widget\" data-e-type=\"widget\" data-widget_type=\"heading.default\">\n\t\t\t\t\t<h2 class=\"elementor-heading-title elementor-size-default\">Tarifs Massages<\/h2>\t\t\t\t<\/div>\n\t\t\t\t<\/div>\n\t\t\t\t<\/div>\n\t\t\t\t\t<\/div>\n\t\t\t\t<\/a>\n\t\t<a class=\"aux-parallax-section elementor-element elementor-element-34abf3d e-flex e-con-boxed e-con e-parent\" data-id=\"34abf3d\" data-element_type=\"container\" data-e-type=\"container\" href=\"https:\/\/appreteezen.com\/index.php\/tarifs-mains-pieds\/\">\n\t\t\t\t\t<div class=\"e-con-inner\">\n\t\t<div class=\"elementor-element elementor-element-e6e8d8c e-con-full e-flex e-con e-child\" data-id=\"e6e8d8c\" data-element_type=\"container\" data-e-type=\"container\">\n\t\t\t\t<div class=\"elementor-element elementor-element-e90479b elementor-widget elementor-widget-image\" data-id=\"e90479b\" data-element_type=\"widget\" data-e-type=\"widget\" data-widget_type=\"image.default\">\n\t\t\t\t\t\t\t\t\t\t\t\t\t\t\t<img decoding=\"async\" width=\"300\" height=\"300\" src=\"https:\/\/appreteezen.com\/wp-content\/uploads\/2026\/03\/manucure-300x300.jpg\" class=\"attachment-medium size-medium wp-image-264\" alt=\"\" srcset=\"https:\/\/appreteezen.com\/wp-content\/uploads\/2026\/03\/manucure-300x300.jpg 300w, https:\/\/appreteezen.com\/wp-content\/uploads\/2026\/03\/manucure-1024x1024.jpg 1024w, https:\/\/appreteezen.com\/wp-content\/uploads\/2026\/03\/manucure-150x150.jpg 150w, https:\/\/appreteezen.com\/wp-content\/uploads\/2026\/03\/manucure-768x768.jpg 768w\" sizes=\"(max-width: 300px) 100vw, 300px\" \/>\t\t\t\t\t\t\t\t\t\t\t\t\t\t\t<\/div>\n\t\t\t\t<\/div>\n\t\t<div class=\"elementor-element elementor-element-238e549 e-con-full e-flex e-con e-child\" data-id=\"238e549\" data-element_type=\"container\" data-e-type=\"container\">\n\t\t<div class=\"elementor-element elementor-element-3164bb8 e-con-full e-flex e-con e-child\" data-id=\"3164bb8\" data-element_type=\"container\" data-e-type=\"container\">\n\t\t\t\t<div class=\"elementor-element elementor-element-1123df8 elementor-widget elementor-widget-text-editor\" data-id=\"1123df8\" data-element_type=\"widget\" data-e-type=\"widget\" data-widget_type=\"text-editor.default\">\n\t\t\t\t\t\t\t\t\t<p style=\"text-align: center;\">\u00a0<\/p>\n<p><strong>Parce que les mains font tout\u2026 et que les pieds supportent beaucoup.<\/strong><\/p>\t\t\t\t\t\t\t\t<\/div>\n\t\t\t\t<\/div>\n\t\t<div class=\"elementor-element elementor-element-df1fbba e-con-full e-flex e-con e-child\" data-id=\"df1fbba\" data-element_type=\"container\" data-e-type=\"container\">\n\t\t\t\t<div class=\"elementor-element elementor-element-ce28acf elementor-widget elementor-widget-heading\" data-id=\"ce28acf\" data-element_type=\"widget\" data-e-type=\"widget\" data-widget_type=\"heading.default\">\n\t\t\t\t\t<h2 class=\"elementor-heading-title elementor-size-default\">Tarifs mains &amp; pieds<\/h2>\t\t\t\t<\/div>\n\t\t\t\t<\/div>\n\t\t\t\t<\/div>\n\t\t\t\t\t<\/div>\n\t\t\t\t<\/a>\n\t\t<a class=\"aux-parallax-section elementor-element elementor-element-baccc97 e-flex e-con-boxed e-con e-parent\" data-id=\"baccc97\" data-element_type=\"container\" data-e-type=\"container\" href=\"https:\/\/appreteezen.com\/index.php\/tarifs-epilations\/\">\n\t\t\t\t\t<div class=\"e-con-inner\">\n\t\t<div class=\"elementor-element elementor-element-c1ef0c4 e-con-full e-flex e-con e-child\" data-id=\"c1ef0c4\" data-element_type=\"container\" data-e-type=\"container\">\n\t\t\t\t<div class=\"elementor-element elementor-element-48586e4 elementor-widget elementor-widget-image\" data-id=\"48586e4\" data-element_type=\"widget\" data-e-type=\"widget\" data-widget_type=\"image.default\">\n\t\t\t\t\t\t\t\t\t\t\t\t\t\t\t<img loading=\"lazy\" decoding=\"async\" width=\"300\" height=\"300\" src=\"https:\/\/appreteezen.com\/wp-content\/uploads\/2026\/03\/epilation-300x300.jpg\" class=\"attachment-medium size-medium wp-image-269\" alt=\"\" srcset=\"https:\/\/appreteezen.com\/wp-content\/uploads\/2026\/03\/epilation-300x300.jpg 300w, https:\/\/appreteezen.com\/wp-content\/uploads\/2026\/03\/epilation-1024x1024.jpg 1024w, https:\/\/appreteezen.com\/wp-content\/uploads\/2026\/03\/epilation-150x150.jpg 150w, https:\/\/appreteezen.com\/wp-content\/uploads\/2026\/03\/epilation-768x768.jpg 768w\" sizes=\"(max-width: 300px) 100vw, 300px\" \/>\t\t\t\t\t\t\t\t\t\t\t\t\t\t\t<\/div>\n\t\t\t\t<\/div>\n\t\t<div class=\"elementor-element elementor-element-5c07702 e-con-full e-flex e-con e-child\" data-id=\"5c07702\" data-element_type=\"container\" data-e-type=\"container\">\n\t\t<div class=\"elementor-element elementor-element-f0a0405 e-con-full e-flex e-con e-child\" data-id=\"f0a0405\" data-element_type=\"container\" data-e-type=\"container\">\n\t\t\t\t<div class=\"elementor-element elementor-element-5873351 elementor-widget elementor-widget-text-editor\" data-id=\"5873351\" data-element_type=\"widget\" data-e-type=\"widget\" data-widget_type=\"text-editor.default\">\n\t\t\t\t\t\t\t\t\t<p style=\"text-align: center;\">\u00a0<\/p>\n<p><strong><em>On enl\u00e8ve les poils\u2026 mais jamais le sourire !<\/em><\/strong><\/p>\t\t\t\t\t\t\t\t<\/div>\n\t\t\t\t<\/div>\n\t\t<div class=\"elementor-element elementor-element-2201db2 e-con-full e-flex e-con e-child\" data-id=\"2201db2\" data-element_type=\"container\" data-e-type=\"container\">\n\t\t\t\t<div class=\"elementor-element elementor-element-2b047e6 elementor-widget elementor-widget-heading\" data-id=\"2b047e6\" data-element_type=\"widget\" data-e-type=\"widget\" data-widget_type=\"heading.default\">\n\t\t\t\t\t<h2 class=\"elementor-heading-title elementor-size-default\">Tarifs \u00e9pilations<\/h2>\t\t\t\t<\/div>\n\t\t\t\t<\/div>\n\t\t\t\t<\/div>\n\t\t\t\t\t<\/div>\n\t\t\t\t<\/a>\n\t\t<a class=\"aux-parallax-section elementor-element elementor-element-e467480 e-flex e-con-boxed e-con e-parent\" data-id=\"e467480\" data-element_type=\"container\" data-e-type=\"container\" href=\"https:\/\/appreteezen.com\/index.php\/tarifs-le-regard\/\">\n\t\t\t\t\t<div class=\"e-con-inner\">\n\t\t<div class=\"elementor-element elementor-element-7608310 e-con-full e-flex e-con e-child\" data-id=\"7608310\" data-element_type=\"container\" data-e-type=\"container\">\n\t\t\t\t<div class=\"elementor-element elementor-element-2f37609 elementor-widget elementor-widget-image\" data-id=\"2f37609\" data-element_type=\"widget\" data-e-type=\"widget\" data-widget_type=\"image.default\">\n\t\t\t\t\t\t\t\t\t\t\t\t\t\t\t<img loading=\"lazy\" decoding=\"async\" width=\"300\" height=\"300\" src=\"https:\/\/appreteezen.com\/wp-content\/uploads\/2026\/03\/regard1-300x300.jpg\" class=\"attachment-medium size-medium wp-image-274\" alt=\"\" srcset=\"https:\/\/appreteezen.com\/wp-content\/uploads\/2026\/03\/regard1-300x300.jpg 300w, https:\/\/appreteezen.com\/wp-content\/uploads\/2026\/03\/regard1-1024x1024.jpg 1024w, https:\/\/appreteezen.com\/wp-content\/uploads\/2026\/03\/regard1-150x150.jpg 150w, https:\/\/appreteezen.com\/wp-content\/uploads\/2026\/03\/regard1-768x768.jpg 768w\" sizes=\"(max-width: 300px) 100vw, 300px\" \/>\t\t\t\t\t\t\t\t\t\t\t\t\t\t\t<\/div>\n\t\t\t\t<\/div>\n\t\t<div class=\"elementor-element elementor-element-6fa8364 e-con-full e-flex e-con e-child\" data-id=\"6fa8364\" data-element_type=\"container\" data-e-type=\"container\">\n\t\t<div class=\"elementor-element elementor-element-90c9d8d e-con-full e-flex e-con e-child\" data-id=\"90c9d8d\" data-element_type=\"container\" data-e-type=\"container\">\n\t\t\t\t<div class=\"elementor-element elementor-element-2055a62 elementor-widget elementor-widget-text-editor\" data-id=\"2055a62\" data-element_type=\"widget\" data-e-type=\"widget\" data-widget_type=\"text-editor.default\">\n\t\t\t\t\t\t\t\t\t<p style=\"text-align: center;\">\u00a0<\/p>\n<p><strong><em>\u00ab\u00a0Sublimez votre regard &#8230; Parce que vos cils aussi m\u00e9ritent de se lever du bon c\u00f4t\u00e9\u00a0\u00bb<\/em><\/strong><\/p>\t\t\t\t\t\t\t\t<\/div>\n\t\t\t\t<\/div>\n\t\t<div class=\"elementor-element elementor-element-81e5e2c e-con-full e-flex e-con e-child\" data-id=\"81e5e2c\" data-element_type=\"container\" data-e-type=\"container\">\n\t\t\t\t<div class=\"elementor-element elementor-element-e69fdde elementor-widget elementor-widget-heading\" data-id=\"e69fdde\" data-element_type=\"widget\" data-e-type=\"widget\" data-widget_type=\"heading.default\">\n\t\t\t\t\t<h2 class=\"elementor-heading-title elementor-size-default\">Tarifs le regard<\/h2>\t\t\t\t<\/div>\n\t\t\t\t<\/div>\n\t\t\t\t<\/div>\n\t\t\t\t\t<\/div>\n\t\t\t\t<\/a>\n\t\t<a class=\"aux-parallax-section elementor-element elementor-element-62ffe7f e-flex e-con-boxed e-con e-parent\" data-id=\"62ffe7f\" data-element_type=\"container\" data-e-type=\"container\" href=\"https:\/\/appreteezen.com\/index.php\/tarifs-maquillage\/\">\n\t\t\t\t\t<div class=\"e-con-inner\">\n\t\t<div class=\"elementor-element elementor-element-bc00315 e-con-full e-flex e-con e-child\" data-id=\"bc00315\" data-element_type=\"container\" data-e-type=\"container\">\n\t\t\t\t<div class=\"elementor-element elementor-element-7960bb9 elementor-widget elementor-widget-image\" data-id=\"7960bb9\" data-element_type=\"widget\" data-e-type=\"widget\" data-widget_type=\"image.default\">\n\t\t\t\t\t\t\t\t\t\t\t\t\t\t\t<img loading=\"lazy\" decoding=\"async\" width=\"300\" height=\"300\" src=\"https:\/\/appreteezen.com\/wp-content\/uploads\/2026\/03\/maquillage2-300x300.jpg\" class=\"attachment-medium size-medium wp-image-273\" alt=\"\" srcset=\"https:\/\/appreteezen.com\/wp-content\/uploads\/2026\/03\/maquillage2-300x300.jpg 300w, https:\/\/appreteezen.com\/wp-content\/uploads\/2026\/03\/maquillage2-1024x1024.jpg 1024w, https:\/\/appreteezen.com\/wp-content\/uploads\/2026\/03\/maquillage2-150x150.jpg 150w, https:\/\/appreteezen.com\/wp-content\/uploads\/2026\/03\/maquillage2-768x768.jpg 768w\" sizes=\"(max-width: 300px) 100vw, 300px\" \/>\t\t\t\t\t\t\t\t\t\t\t\t\t\t\t<\/div>\n\t\t\t\t<\/div>\n\t\t<div class=\"elementor-element elementor-element-1de3b18 e-con-full e-flex e-con e-child\" data-id=\"1de3b18\" data-element_type=\"container\" data-e-type=\"container\">\n\t\t<div class=\"elementor-element elementor-element-444341c e-con-full e-flex e-con e-child\" data-id=\"444341c\" data-element_type=\"container\" data-e-type=\"container\">\n\t\t\t\t<div class=\"elementor-element elementor-element-5b8df3a elementor-widget elementor-widget-text-editor\" data-id=\"5b8df3a\" data-element_type=\"widget\" data-e-type=\"widget\" data-widget_type=\"text-editor.default\">\n\t\t\t\t\t\t\t\t\t<p style=\"text-align: center;\">\u00a0<\/p>\n<p><strong><em>\u201cJuste ce qu\u2019il faut. Promis.\u201d<\/em><\/strong><\/p>\t\t\t\t\t\t\t\t<\/div>\n\t\t\t\t<\/div>\n\t\t<div class=\"elementor-element elementor-element-ce4ad4a e-con-full e-flex e-con e-child\" data-id=\"ce4ad4a\" data-element_type=\"container\" data-e-type=\"container\">\n\t\t\t\t<div class=\"elementor-element elementor-element-c3237a0 elementor-widget elementor-widget-heading\" data-id=\"c3237a0\" data-element_type=\"widget\" data-e-type=\"widget\" data-widget_type=\"heading.default\">\n\t\t\t\t\t<h2 class=\"elementor-heading-title elementor-size-default\">Tarifs maquillage<\/h2>\t\t\t\t<\/div>\n\t\t\t\t<\/div>\n\t\t\t\t<\/div>\n\t\t\t\t\t<\/div>\n\t\t\t\t<\/a>\n\t\t\t\t<\/div>\n\t\t","protected":false},"excerpt":{"rendered":"<p>Chez\u00a0Appr\u00eat\u00e9e Zen, chaque soin est con\u00e7u comme un\u00a0rituel confidentiel, pens\u00e9 dans le respect absolu de vos besoins, de votre peau et de votre rythme. Les tarifs refl\u00e8tent bien plus qu\u00b4une dur\u00e9e : ils incarnent\u00a0l\u00b4expertise, l\u00b4\u00e9coute, la pr\u00e9cision du geste et la qualit\u00e9 des produits\u00a0utilis\u00e9s. Chaque soin est personnalis\u00e9, chaque protocole ajust\u00e9, chaque produit soigneusement s\u00e9lectionn\u00e9 [&hellip;]<\/p>\n","protected":false},"author":1,"featured_media":0,"parent":0,"menu_order":0,"comment_status":"closed","ping_status":"closed","template":"","meta":{"footnotes":""},"class_list":["post-262","page","type-page","status-publish","hentry"],"_links":{"self":[{"href":"https:\/\/appreteezen.com\/index.php\/wp-json\/wp\/v2\/pages\/262","targetHints":{"allow":["GET"]}}],"collection":[{"href":"https:\/\/appreteezen.com\/index.php\/wp-json\/wp\/v2\/pages"}],"about":[{"href":"https:\/\/appreteezen.com\/index.php\/wp-json\/wp\/v2\/types\/page"}],"author":[{"embeddable":true,"href":"https:\/\/appreteezen.com\/index.php\/wp-json\/wp\/v2\/users\/1"}],"replies":[{"embeddable":true,"href":"https:\/\/appreteezen.com\/index.php\/wp-json\/wp\/v2\/comments?post=262"}],"version-history":[{"count":89,"href":"https:\/\/appreteezen.com\/index.php\/wp-json\/wp\/v2\/pages\/262\/revisions"}],"predecessor-version":[{"id":740,"href":"https:\/\/appreteezen.com\/index.php\/wp-json\/wp\/v2\/pages\/262\/revisions\/740"}],"wp:attachment":[{"href":"https:\/\/appreteezen.com\/index.php\/wp-json\/wp\/v2\/media?parent=262"}],"curies":[{"name":"wp","href":"https:\/\/api.w.org\/{rel}","templated":true}]}}