{"id":8,"date":"2026-01-22T07:08:13","date_gmt":"2026-01-22T07:08:13","guid":{"rendered":"https:\/\/appreteezen.com\/?page_id=8"},"modified":"2026-03-20T10:29:25","modified_gmt":"2026-03-20T09:29:25","slug":"contact","status":"publish","type":"page","link":"https:\/\/appreteezen.com\/index.php\/contact\/","title":{"rendered":"Contact"},"content":{"rendered":"\t\t<div data-elementor-type=\"wp-page\" data-elementor-id=\"8\" class=\"elementor elementor-8\" data-elementor-post-type=\"page\">\n\t\t\t\t<div class=\"aux-parallax-section elementor-element elementor-element-2d289fe e-flex e-con-boxed e-con e-parent\" data-id=\"2d289fe\" data-element_type=\"container\" data-e-type=\"container\">\n\t\t\t\t\t<div class=\"e-con-inner\">\n\t\t<div class=\"elementor-element elementor-element-e04e890 e-con-full e-flex e-con e-child\" data-id=\"e04e890\" data-element_type=\"container\" data-e-type=\"container\">\n\t\t\t\t<div class=\"elementor-element elementor-element-2371f42e elementor-widget elementor-widget-text-editor\" data-id=\"2371f42e\" data-element_type=\"widget\" data-e-type=\"widget\" data-widget_type=\"text-editor.default\">\n\t\t\t\t\t\t\t\t\t<p>Une question, un conseil personnalis\u00e9 ou une envie de prendre rendez\u2011vous ?<br \/>Je suis \u00e0 votre disposition pour vous accompagner dans le choix du soin le plus adapt\u00e9 \u00e0 votre peau et \u00e0 vos besoins.<\/p>\n<p><!-- \/wp:paragraph --><\/p>\n<p><!-- wp:heading --><\/p>\n<h2 id=\"coordonnes\" class=\"wp-block-heading\">Coordonn\u00e9es<\/h2>\n<p><!-- \/wp:heading --><\/p>\n<p><!-- wp:paragraph --><\/p>\n<p><strong>Appr\u00eat\u00e9eZen \u2013 Esth\u00e9tique &amp; Bien\u2011\u00eatre<\/strong><br \/>26 Rue de Contamines<br \/>1206 Champel \u2013 Gen\u00e8ve, Suisse<\/p>\n<p><!-- \/wp:paragraph --><\/p>\n<p><!-- wp:paragraph --><\/p>\n<p>T\u00e9l. :\u00a0<a href=\"tel:+41782379796\"><strong>+41782379796<\/strong><\/a><br \/>E\u2011mail :\u00a0<strong><a href=\"mailto:contact@appreteezen.com\" target=\"_blank\" rel=\"noreferrer noopener\">contact@appreteezen.com<\/a><\/strong><\/p>\n<p><!-- \/wp:paragraph --><\/p>\t\t\t\t\t\t\t\t<\/div>\n\t\t\t\t<\/div>\n\t\t<div class=\"elementor-element elementor-element-89c4965 e-con-full e-flex e-con e-child\" data-id=\"89c4965\" data-element_type=\"container\" data-e-type=\"container\">\n\t\t\t\t<div class=\"elementor-element elementor-element-9342249 elementor-widget elementor-widget-image\" data-id=\"9342249\" data-element_type=\"widget\" data-e-type=\"widget\" data-widget_type=\"image.default\">\n\t\t\t\t\t\t\t\t\t\t\t\t\t\t\t<img fetchpriority=\"high\" decoding=\"async\" width=\"280\" height=\"330\" src=\"https:\/\/appreteezen.com\/wp-content\/uploads\/2026\/03\/julei.jpg\" class=\"attachment-large size-large wp-image-703\" alt=\"\" \/>\t\t\t\t\t\t\t\t\t\t\t\t\t\t\t<\/div>\n\t\t\t\t<\/div>\n\t\t\t\t\t<\/div>\n\t\t\t\t<\/div>\n\t\t<div class=\"aux-parallax-section elementor-element elementor-element-5b12b30 e-flex e-con-boxed e-con e-parent\" data-id=\"5b12b30\" data-element_type=\"container\" data-e-type=\"container\">\n\t\t\t\t\t<div class=\"e-con-inner\">\n\t\t\t\t<div class=\"elementor-element elementor-element-eb8bf57 elementor-widget__width-initial elementor-widget elementor-widget-google_maps\" data-id=\"eb8bf57\" data-element_type=\"widget\" data-e-type=\"widget\" data-widget_type=\"google_maps.default\">\n\t\t\t\t\t\t\t<div class=\"elementor-custom-embed\">\n\t\t\t<iframe loading=\"lazy\"\n\t\t\t\t\tsrc=\"https:\/\/maps.google.com\/maps?q=appreteezen%20rue%20de%20contamine%2026%20%2C%201206%20geneve&#038;t=m&#038;z=16&#038;output=embed&#038;iwloc=near\"\n\t\t\t\t\ttitle=\"appreteezen rue de contamine 26 , 1206 geneve\"\n\t\t\t\t\taria-label=\"appreteezen rue de contamine 26 , 1206 geneve\"\n\t\t\t><\/iframe>\n\t\t<\/div>\n\t\t\t\t\t\t<\/div>\n\t\t\t\t\t<\/div>\n\t\t\t\t<\/div>\n\t\t\t\t<\/div>\n\t\t","protected":false},"excerpt":{"rendered":"<p>Une question, un conseil personnalis\u00e9 ou une envie de prendre rendez\u2011vous ?Je suis \u00e0 votre disposition pour vous accompagner dans le choix du soin le plus adapt\u00e9 \u00e0 votre peau et \u00e0 vos besoins. Coordonn\u00e9es Appr\u00eat\u00e9eZen \u2013 Esth\u00e9tique &amp; Bien\u2011\u00eatre26 Rue de Contamines1206 Champel \u2013 Gen\u00e8ve, Suisse T\u00e9l. :\u00a0+41782379796E\u2011mail :\u00a0contact@appreteezen.com<\/p>\n","protected":false},"author":1,"featured_media":0,"parent":0,"menu_order":0,"comment_status":"closed","ping_status":"closed","template":"","meta":{"footnotes":""},"class_list":["post-8","page","type-page","status-publish","hentry"],"_links":{"self":[{"href":"https:\/\/appreteezen.com\/index.php\/wp-json\/wp\/v2\/pages\/8","targetHints":{"allow":["GET"]}}],"collection":[{"href":"https:\/\/appreteezen.com\/index.php\/wp-json\/wp\/v2\/pages"}],"about":[{"href":"https:\/\/appreteezen.com\/index.php\/wp-json\/wp\/v2\/types\/page"}],"author":[{"embeddable":true,"href":"https:\/\/appreteezen.com\/index.php\/wp-json\/wp\/v2\/users\/1"}],"replies":[{"embeddable":true,"href":"https:\/\/appreteezen.com\/index.php\/wp-json\/wp\/v2\/comments?post=8"}],"version-history":[{"count":27,"href":"https:\/\/appreteezen.com\/index.php\/wp-json\/wp\/v2\/pages\/8\/revisions"}],"predecessor-version":[{"id":745,"href":"https:\/\/appreteezen.com\/index.php\/wp-json\/wp\/v2\/pages\/8\/revisions\/745"}],"wp:attachment":[{"href":"https:\/\/appreteezen.com\/index.php\/wp-json\/wp\/v2\/media?parent=8"}],"curies":[{"name":"wp","href":"https:\/\/api.w.org\/{rel}","templated":true}]}}